{"id":8,"date":"2024-05-28T07:43:15","date_gmt":"2024-05-28T10:43:15","guid":{"rendered":"https:\/\/boasvindaskite.amplomarketing.com.br\/?page_id=8"},"modified":"2024-10-21T11:57:37","modified_gmt":"2024-10-21T14:57:37","slug":"inicio","status":"publish","type":"page","link":"https:\/\/boasvindaskite.amplomarketing.com.br\/es\/","title":{"rendered":"In\u00edcio"},"content":{"rendered":"<section class=\"l-section wpb_row us_custom_360e94cd height_huge with_shape\"><div class=\"l-section-shape type_curve-inv pos_bottom\" style=\"height:5vmin;\"><svg xmlns=\"http:\/\/www.w3.org\/2000\/svg\" viewbox=\"0 8 64 8\" preserveaspectratio=\"none\" width=\"100%\" height=\"100%\">\r\n\t<path fill=\"currentColor\" d=\"M64 15.9 Q32 0.4 0 15.9 L0 18 L64 18 Z\"\/>\r\n<\/svg><\/div><div class=\"l-section-h i-cf\"><div class=\"g-cols vc_row via_grid cols_1 laptops-cols_inherit tablets-cols_inherit mobiles-cols_1 valign_top type_default stacking_default\"><div class=\"wpb_column vc_column_container\"><div class=\"vc_column-inner\"><\/div><\/div><\/div><\/div><\/section><section class=\"l-section wpb_row height_small\"><div class=\"l-section-h i-cf\"><div class=\"g-cols vc_row via_grid cols_1 laptops-cols_inherit tablets-cols_inherit mobiles-cols_1 valign_top type_default stacking_default\"><div class=\"wpb_column vc_column_container\"><div class=\"vc_column-inner\"><div class=\"w-image align_center\"><div class=\"w-image-h\"><img decoding=\"async\" width=\"128\" height=\"128\" src=\"https:\/\/boasvindaskite.amplomarketing.com.br\/wp-content\/uploads\/2024\/05\/logo-kitecabana-site.png\" class=\"attachment-large size-large\" alt=\"\" loading=\"lazy\" \/><\/div><\/div><div data-us-scroll=\"{&quot;from_initial_position&quot;:&quot;0&quot;,&quot;start_position&quot;:&quot;0%&quot;,&quot;end_position&quot;:&quot;100%&quot;,&quot;delay&quot;:&quot;0.1s&quot;}\" class=\"w-image us_custom_4a593b65 us_animate_this has_scroll_effects align_center\"><div class=\"w-image-h\"><img decoding=\"async\" width=\"300\" height=\"177\" src=\"https:\/\/boasvindaskite.amplomarketing.com.br\/wp-content\/uploads\/2024\/05\/aloha-kite.png\" class=\"attachment-full size-full\" alt=\"\" loading=\"lazy\" \/><\/div><\/div><div class=\"wpb_text_column\"><div class=\"wpb_wrapper\"><p style=\"text-align: center;\"><strong>Estamos muy contentos de darle la bienvenida a nuestra casa de hu\u00e9spedes. Esperamos que tengas una estad\u00eda inolvidable y disfrutes de todo lo que la Playa de Cumbuco tiene para ofrecerte. En esta p\u00e1gina encontrar\u00e1s toda la informaci\u00f3n \u00fatil para que tu visita sea c\u00f3moda y agradable.<\/strong><\/p>\n<\/div><\/div><\/div><\/div><\/div><\/div><\/section><section class=\"l-section wpb_row height_small\"><div class=\"l-section-h i-cf\"><div class=\"g-cols vc_row via_grid cols_2 laptops-cols_inherit tablets-cols_inherit mobiles-cols_1 valign_middle type_default stacking_default\" style=\"--gap:2rem;\"><div class=\"wpb_column vc_column_container\"><div class=\"vc_column-inner\"><div class=\"w-iconbox iconpos_left style_default color_primary align_left no_text\"><div class=\"w-iconbox-icon\" style=\"font-size:3rem;\"><i class=\"fas fa-wifi\"><\/i><\/div><div class=\"w-iconbox-meta\"><h5 class=\"w-iconbox-title\">Contrase\u00f1a de wifi<\/h5><\/div><\/div><div class=\"wpb_text_column\"><div class=\"wpb_wrapper\"><p>Toque \"Copiar\" para copiar f\u00e1cilmente la contrase\u00f1a de Wi-Fi.<\/p>\n<\/div><\/div><\/div><\/div><div class=\"wpb_column vc_column_container\"><div class=\"vc_column-inner\"><div class=\"wpb_text_column\"><div class=\"wpb_wrapper\"><pre>Avalus2022<\/pre>\n<\/div><\/div><\/div><\/div><\/div><\/div><\/section><section class=\"l-section wpb_row height_small\"><div class=\"l-section-h i-cf\"><div class=\"g-cols vc_row via_grid cols_1 laptops-cols_inherit tablets-cols_inherit mobiles-cols_1 valign_middle type_default stacking_default\"><div class=\"wpb_column vc_column_container\"><div class=\"vc_column-inner\"><div class=\"wpb_text_column\"><div class=\"wpb_wrapper\"><h4 style=\"text-align: center;\"><strong>Horarios<\/strong><\/h4>\n<\/div><\/div><div class=\"w-separator size_medium\"><\/div><div class=\"g-cols wpb_row via_grid cols_2 laptops-cols_inherit tablets-cols_inherit mobiles-cols_1 valign_top type_default stacking_default\" style=\"--gap:3rem;\"><div class=\"wpb_column vc_column_container\"><div class=\"vc_column-inner\"><div class=\"wpb_text_column\"><div class=\"wpb_wrapper\"><h3 style=\"text-align: center;\"><strong>Check-in:<\/strong> 14h &#8211;<strong> Check-out:<\/strong> 12h<\/h3>\n<\/div><\/div><\/div><\/div><div class=\"wpb_column vc_column_container\"><div class=\"vc_column-inner\"><div class=\"wpb_text_column\"><div class=\"wpb_wrapper\"><h3 class=\"p1\" style=\"text-align: center;\"><strong>Desayuno:<\/strong> 8h \u00e0s 10h<\/h3>\n<\/div><\/div><\/div><\/div><\/div><\/div><\/div><\/div><\/div><\/section><section class=\"l-section wpb_row height_small\"><div class=\"l-section-h i-cf\"><div class=\"g-cols vc_row via_grid cols_2 laptops-cols_inherit tablets-cols_inherit mobiles-cols_1 valign_middle type_default stacking_default\"><div class=\"wpb_column vc_column_container\"><div class=\"vc_column-inner\"><div class=\"w-btn-wrapper align_justify\"><a class=\"w-btn us-btn-style_1 icon_atleft\" target=\"_blank\" href=\"https:\/\/api.whatsapp.com\/send?phone=5585988181966&amp;text= Ol\u00e1!\"><i class=\"fab fa-whatsapp\"><\/i><span class=\"w-btn-label\">Servicio<\/span><\/a><\/div><\/div><\/div><div class=\"wpb_column vc_column_container\"><div class=\"vc_column-inner\"><div class=\"w-btn-wrapper align_justify\"><a class=\"w-btn us-btn-style_1 icon_atleft\" target=\"_blank\" href=\"https:\/\/maps.app.goo.gl\/e6tKbrvQwYQD29zC8\"><i class=\"fas fa-map-marked-alt\"><\/i><span class=\"w-btn-label\">Ubicaci\u00f3n<\/span><\/a><\/div><\/div><\/div><\/div><\/div><\/section><section class=\"l-section wpb_row us_custom_eac59c77 height_medium\" id=\"trasnfer\"><div class=\"l-section-h i-cf\"><div class=\"g-cols vc_row via_grid cols_1 laptops-cols_inherit tablets-cols_inherit mobiles-cols_1 valign_top type_default stacking_default\"><div class=\"wpb_column vc_column_container\"><div class=\"vc_column-inner\"><div class=\"wpb_text_column\"><div class=\"wpb_wrapper\"><h4 style=\"text-align: center;\"><strong>Servicio de Traslados y Tours<br \/>\n<\/strong><\/h4>\n<\/div><\/div><div class=\"w-separator size_small\"><\/div><div class=\"wpb_text_column\"><div class=\"wpb_wrapper\"><p style=\"text-align: center;\">Si necesitas traslado desde el aeropuerto hasta la pensi\u00f3n, disponemos de furgonetas para grupos y coches normales, ambos con espacio para el equipo de kitesurf. Tambi\u00e9n organizamos excursiones en buggy y quads. Para programar cualquiera de estos servicios, simplemente comun\u00edquese al n\u00famero de recepci\u00f3n.<\/p>\n<\/div><\/div><div class=\"w-separator size_small\"><\/div><div class=\"w-btn-wrapper align_center\"><a class=\"w-btn us-btn-style_1 icon_atleft\" href=\"tel:85988181966\"><i class=\"fas fa-phone-alt\"><\/i><span class=\"w-btn-label\">Entre en contacto<\/span><\/a><\/div><\/div><\/div><\/div><\/div><\/section><section class=\"l-section wpb_row height_small\"><div class=\"l-section-h i-cf\"><div class=\"g-cols vc_row via_grid cols_1 laptops-cols_inherit tablets-cols_inherit mobiles-cols_1 valign_top type_default stacking_default\"><div class=\"wpb_column vc_column_container\"><div class=\"vc_column-inner\"><div class=\"wpb_text_column\"><div class=\"wpb_wrapper\"><h4 style=\"text-align: center;\"><strong>Informaci\u00f3n esencial para su estancia<\/strong><\/h4>\n<\/div><\/div><\/div><\/div><\/div><\/div><\/section><section class=\"l-section wpb_row height_small\"><div class=\"l-section-h i-cf\"><div class=\"g-cols vc_row via_grid cols_3 laptops-cols_inherit tablets-cols_inherit mobiles-cols_1 valign_top type_default stacking_default\"><div class=\"wpb_column vc_column_container\"><div class=\"vc_column-inner\"><div class=\"w-image align_center\"><div class=\"w-image-h\"><img decoding=\"async\" width=\"128\" height=\"128\" src=\"https:\/\/boasvindaskite.amplomarketing.com.br\/wp-content\/uploads\/2024\/05\/kc-pet-2.png\" class=\"attachment-full size-full\" alt=\"\" loading=\"lazy\" \/><\/div><\/div><div class=\"wpb_text_column\"><div class=\"wpb_wrapper\"><p style=\"text-align: center;\"><strong>Pet Friendly<\/strong><\/p>\n<\/div><\/div><div class=\"w-separator size_custom with_line width_30 thick_1 style_solid color_border align_center\" style=\"height:2rem\"><div class=\"w-separator-h\"><\/div><\/div><div class=\"wpb_text_column\"><div class=\"wpb_wrapper\"><p style=\"text-align: center;\">\u00a1Amamos a las mascotas! Trae a tu compa\u00f1ero de cuatro patas a disfrutar de nuestra posada.<\/p>\n<\/div><\/div><\/div><\/div><div class=\"wpb_column vc_column_container\"><div class=\"vc_column-inner\"><div class=\"w-image align_center\"><div class=\"w-image-h\"><img decoding=\"async\" width=\"128\" height=\"128\" src=\"https:\/\/boasvindaskite.amplomarketing.com.br\/wp-content\/uploads\/2024\/05\/kc-estacionamento.png\" class=\"attachment-full size-full\" alt=\"\" loading=\"lazy\" \/><\/div><\/div><div class=\"wpb_text_column\"><div class=\"wpb_wrapper\"><p style=\"text-align: center;\"><strong>Estacionamiento<\/strong><\/p>\n<\/div><\/div><div class=\"w-separator size_custom with_line width_30 thick_1 style_solid color_border align_center\" style=\"height:2rem\"><div class=\"w-separator-h\"><\/div><\/div><div class=\"wpb_text_column\"><div class=\"wpb_wrapper\"><p style=\"text-align: center;\">No disponemos de plazas de aparcamiento, pero hay espacio para aparcar en la calle.<\/p>\n<\/div><\/div><\/div><\/div><div class=\"wpb_column vc_column_container\"><div class=\"vc_column-inner\"><div class=\"w-image align_center\"><div class=\"w-image-h\"><img decoding=\"async\" width=\"128\" height=\"128\" src=\"https:\/\/boasvindaskite.amplomarketing.com.br\/wp-content\/uploads\/2024\/05\/kc-praia.png\" class=\"attachment-full size-full\" alt=\"\" loading=\"lazy\" \/><\/div><\/div><div class=\"wpb_text_column\"><div class=\"wpb_wrapper\"><p style=\"text-align: center;\"><strong>Playa<\/strong><\/p>\n<\/div><\/div><div class=\"w-separator size_custom with_line width_30 thick_1 style_solid color_border align_center\" style=\"height:2rem\"><div class=\"w-separator-h\"><\/div><\/div><div class=\"wpb_text_column\"><div class=\"wpb_wrapper\"><p style=\"text-align: center;\">Estamos a s\u00f3lo 30 metros de la playa y al lado del animado Kitecabana Lounge.<\/p>\n<\/div><\/div><\/div><\/div><\/div><\/div><\/section><section class=\"l-section wpb_row height_small\"><div class=\"l-section-h i-cf\"><div class=\"g-cols vc_row via_grid cols_2 laptops-cols_inherit tablets-cols_inherit mobiles-cols_1 valign_top type_default stacking_default\"><div class=\"wpb_column vc_column_container\"><div class=\"vc_column-inner\"><div class=\"w-image align_center\"><div class=\"w-image-h\"><img decoding=\"async\" width=\"128\" height=\"128\" src=\"https:\/\/boasvindaskite.amplomarketing.com.br\/wp-content\/uploads\/2024\/05\/kc-descontos.png\" class=\"attachment-full size-full\" alt=\"\" loading=\"lazy\" \/><\/div><\/div><div class=\"wpb_text_column\"><div class=\"wpb_wrapper\"><p style=\"text-align: center;\"><strong>Descuentos especiales<\/strong><\/p>\n<\/div><\/div><div class=\"w-separator size_custom with_line width_30 thick_1 style_solid color_border align_center\" style=\"height:2rem\"><div class=\"w-separator-h\"><\/div><\/div><div class=\"wpb_text_column\"><div class=\"wpb_wrapper\"><p style=\"text-align: center;\">Aloj\u00e1ndote con nosotros tendr\u00e1s un 10% de descuento y acceso a la piscina de Kitecabana Lounge.<\/p>\n<\/div><\/div><\/div><\/div><div class=\"wpb_column vc_column_container\"><div class=\"vc_column-inner\"><div class=\"w-image align_center\"><div class=\"w-image-h\"><img decoding=\"async\" width=\"128\" height=\"128\" src=\"https:\/\/boasvindaskite.amplomarketing.com.br\/wp-content\/uploads\/2024\/05\/kc-centro.png\" class=\"attachment-full size-full\" alt=\"\" loading=\"lazy\" \/><\/div><\/div><div class=\"wpb_text_column\"><div class=\"wpb_wrapper\"><p style=\"text-align: center;\"><strong>Cerca del centro<\/strong><\/p>\n<\/div><\/div><div class=\"w-separator size_custom with_line width_30 thick_1 style_solid color_border align_center\" style=\"height:2rem\"><div class=\"w-separator-h\"><\/div><\/div><div class=\"wpb_text_column\"><div class=\"wpb_wrapper\"><p style=\"text-align: center;\">El centro de Cumbuco est\u00e1 a 400 metros de nuestra casa de hu\u00e9spedes, donde encontrar\u00e1 varios restaurantes, farmacias y opciones de entretenimiento.<\/p>\n<\/div><\/div><\/div><\/div><\/div><\/div><\/section><section class=\"l-section wpb_row us_custom_8b3d6790 has_text_color height_medium with_img parallax_ver\"><div class=\"l-section-img\" role=\"img\" data-img-width=\"1200\" data-img-height=\"1600\" style=\"background-image: url(https:\/\/boasvindaskite.amplomarketing.com.br\/wp-content\/uploads\/2024\/06\/bg-kitesurf.jpeg);background-position: top center;background-repeat: no-repeat;\"><\/div><div class=\"l-section-overlay\" style=\"background:rgba(0,0,0,0.60)\"><\/div><div class=\"l-section-h i-cf\"><div class=\"g-cols vc_row via_grid cols_1 laptops-cols_inherit tablets-cols_inherit mobiles-cols_1 valign_top type_default stacking_default\"><div class=\"wpb_column vc_column_container\"><div class=\"vc_column-inner\"><div class=\"wpb_text_column\"><div class=\"wpb_wrapper\"><h4 style=\"text-align: center;\"><strong>Descuento en clases de kitesurf<\/strong><\/h4>\n<\/div><\/div><div class=\"w-separator size_small\"><\/div><div class=\"wpb_text_column\"><div class=\"wpb_wrapper\"><p style=\"text-align: center;\">Al alojarte con nosotros tambi\u00e9n tienes derecho a un 10% de descuento en clases de kitesurf en Escuela Kitecabana. Aprovecha esta oportunidad para aprender o mejorar tus habilidades de kitesurf con nuestros instructores experimentados.<\/p>\n<\/div><\/div><\/div><\/div><\/div><\/div><\/section><section class=\"l-section wpb_row height_small\"><div class=\"l-section-h i-cf\"><div class=\"g-cols vc_row via_grid cols_1 laptops-cols_inherit tablets-cols_inherit mobiles-cols_1 valign_top type_default stacking_default\"><div class=\"wpb_column vc_column_container\"><div class=\"vc_column-inner\"><div class=\"wpb_text_column\"><div class=\"wpb_wrapper\"><h4 style=\"text-align: center;\"><strong>Otra informaci\u00f3n \u00fatil<\/strong><\/h4>\n<\/div><\/div><\/div><\/div><\/div><\/div><\/section><section class=\"l-section wpb_row height_small\"><div class=\"l-section-h i-cf\"><div class=\"g-cols vc_row via_grid cols_3 laptops-cols_inherit tablets-cols_inherit mobiles-cols_1 valign_top type_default stacking_default\"><div class=\"wpb_column vc_column_container\"><div class=\"vc_column-inner\"><div class=\"w-vwrapper us_custom_9455a378 align_center valign_top\" style=\"--vwrapper-gap:0.3rem\"><div class=\"wpb_text_column us_custom_a574d586 has_text_color\"><div class=\"wpb_wrapper\"><p style=\"text-align: center;\"><strong>Sal\u00f3n y caba\u00f1a en la playa<\/strong>:<\/p>\n<\/div><\/div><div class=\"wpb_text_column\"><div class=\"wpb_wrapper\"><p style=\"text-align: center;\">La posada cuenta con un sal\u00f3n anexo que funciona como caba\u00f1a de playa, ubicado en la misma calle, pero en ambientes separados con diferentes administraciones. El sal\u00f3n ofrece una amplia oferta gastron\u00f3mica y una escuela de kitesurf con cursos, alquiler y venta de material.<\/p>\n<\/div><\/div><\/div><\/div><\/div><div class=\"wpb_column vc_column_container\"><div class=\"vc_column-inner\"><div class=\"w-vwrapper us_custom_9455a378 align_center valign_top\" style=\"--vwrapper-gap:0.3rem\"><div class=\"wpb_text_column us_custom_a574d586 has_text_color\"><div class=\"wpb_wrapper\"><p style=\"text-align: center;\"><strong>Bancos<\/strong><\/p>\n<\/div><\/div><div class=\"wpb_text_column\"><div class=\"wpb_wrapper\"><p style=\"text-align: center;\">En Cumbuco no hay sucursales bancarias, pero s\u00ed cajeros autom\u00e1ticos en la gasolinera (a 10 minutos a pie) y en el Mercadinho Compre Bem (a 5 minutos a pie). Tambi\u00e9n hay un punto de venta de loter\u00eda en el mismo mercado.<\/p>\n<\/div><\/div><\/div><\/div><\/div><div class=\"wpb_column vc_column_container\"><div class=\"vc_column-inner\"><div class=\"w-vwrapper us_custom_9455a378 align_center valign_top\" style=\"--vwrapper-gap:0.3rem\"><div class=\"wpb_text_column us_custom_a574d586 has_text_color\"><div class=\"wpb_wrapper\"><p style=\"text-align: center;\"><strong>Pagos<\/strong><\/p>\n<\/div><\/div><div class=\"wpb_text_column\"><div class=\"wpb_wrapper\"><p style=\"text-align: center;\">Tiendas, restaurantes, bares, mercados y agencias de viajes aceptan tarjetas de cr\u00e9dito y d\u00e9bito. Para algunas compras peque\u00f1as es necesario tener efectivo, como por ejemplo para los vendedores ambulantes que venden comida en la playa y artesan\u00edas.<\/p>\n<\/div><\/div><\/div><\/div><\/div><\/div><\/div><\/section><section class=\"l-section wpb_row height_medium\"><div class=\"l-section-h i-cf\"><div class=\"g-cols vc_row via_grid cols_3 laptops-cols_inherit tablets-cols_inherit mobiles-cols_1 valign_top type_default stacking_default\"><div class=\"wpb_column vc_column_container\"><div class=\"vc_column-inner\"><div class=\"w-vwrapper us_custom_9455a378 align_center valign_top\" style=\"--vwrapper-gap:0.3rem\"><div class=\"wpb_text_column us_custom_a574d586 has_text_color\"><div class=\"wpb_wrapper\"><p style=\"text-align: center;\"><strong>Salud<\/strong><\/p>\n<\/div><\/div><div class=\"wpb_text_column\"><div class=\"wpb_wrapper\"><p style=\"text-align: center;\">Al lado de la casa de hu\u00e9spedes hay un centro de salud (Tabuba), farmacias y una cl\u00ednica m\u00e9dica.<\/p>\n<\/div><\/div><\/div><\/div><\/div><div class=\"wpb_column vc_column_container\"><div class=\"vc_column-inner\"><div class=\"w-vwrapper us_custom_9455a378 align_center valign_top\" style=\"--vwrapper-gap:0.3rem\"><div class=\"wpb_text_column us_custom_a574d586 has_text_color\"><div class=\"wpb_wrapper\"><p style=\"text-align: center;\"><strong>Voltaje<\/strong><\/p>\n<\/div><\/div><div class=\"wpb_text_column\"><div class=\"wpb_wrapper\"><p style=\"text-align: center;\">El voltaje en Cumbuco es de 220V.<\/p>\n<\/div><\/div><\/div><\/div><\/div><div class=\"wpb_column vc_column_container\"><div class=\"vc_column-inner\"><div class=\"w-vwrapper us_custom_9455a378 align_center valign_top\" style=\"--vwrapper-gap:0.3rem\"><div class=\"wpb_text_column us_custom_a574d586 has_text_color\"><div class=\"wpb_wrapper\"><p style=\"text-align: center;\"><strong>Enchufes<\/strong><\/p>\n<\/div><\/div><div class=\"wpb_text_column\"><div class=\"wpb_wrapper\"><p style=\"text-align: center;\">Tomas tipo N, compatibles con enchufes tipo C.<\/p>\n<\/div><\/div><\/div><\/div><\/div><\/div><\/div><\/section><section class=\"l-section wpb_row height_small\"><div class=\"l-section-h i-cf\"><div class=\"g-cols vc_row via_grid cols_1 laptops-cols_inherit tablets-cols_inherit mobiles-cols_1 valign_top type_default stacking_default\"><div class=\"wpb_column vc_column_container\"><div class=\"vc_column-inner\"><div class=\"wpb_text_column\"><div class=\"wpb_wrapper\"><h3 style=\"text-align: center;\"><strong>Condiciones del Kitecabana Pousada<\/strong><\/h3>\n<\/div><\/div><div class=\"w-separator size_small\"><\/div><div class=\"w-tabs style_default switch_click accordion has_scrolling\" style=\"--sections-title-size:inherit\"><div class=\"w-tabs-sections titles-align_none icon_chevron cpos_right\"><div class=\"w-tabs-section\" id=\"ocaa\"><button class=\"w-tabs-section-header\" aria-controls=\"content-ocaa\" aria-expanded=\"false\"><div class=\"w-tabs-section-title\">Pol\u00edtica de uso del establecimiento<\/div><div class=\"w-tabs-section-control\"><\/div><\/button><div  class=\"w-tabs-section-content\" id=\"content-ocaa\"><div class=\"w-tabs-section-content-h i-cf\"><div class=\"wpb_text_column\"><div class=\"wpb_wrapper\"><ul>\n<li>M\u00fasica Alta: Por respeto a la buena convivencia, no est\u00e1 permitido escuchar m\u00fasica alta ni hacer ning\u00fan ruido fuerte. No est\u00e1 autorizado el uso de altavoces.<\/li>\n<\/ul>\n<\/div><\/div><\/div><\/div><\/div><div class=\"w-tabs-section\" id=\"eddb\"><button class=\"w-tabs-section-header\" aria-controls=\"content-eddb\" aria-expanded=\"false\"><div class=\"w-tabs-section-title\">Pol\u00edtica de cancelaci\u00f3n de habitaciones y cambio de reserva<\/div><div class=\"w-tabs-section-control\"><\/div><\/button><div  class=\"w-tabs-section-content\" id=\"content-eddb\"><div class=\"w-tabs-section-content-h i-cf\"><div class=\"wpb_text_column\"><div class=\"wpb_wrapper\"><ul>\n<li>Las solicitudes de cancelaci\u00f3n y cambio de fecha deben enviarse v\u00eda WhatsApp (85) 98818-1966 o correo electr\u00f3nico (kitecabana@hotmail.com).<\/li>\n<li>Para cancelaciones realizadas con 30 d\u00edas de antelaci\u00f3n, le devolveremos el dep\u00f3sito \u00edntegramente. Para cancelaciones realizadas con 15 d\u00edas de antelaci\u00f3n, le devolveremos la mitad del importe pagado. Las cancelaciones realizadas dentro de los 15 d\u00edas o en caso de no presentarse (no-show) no recibir\u00e1n reembolso.<\/li>\n<li>Las solicitudes de cambio est\u00e1n sujetas a disponibilidad y deben realizarse con al menos 7 d\u00edas de anticipaci\u00f3n. Una vez solicitado un cambio o reprogramaci\u00f3n no habr\u00e1 devoluci\u00f3n del importe ya pagado. El cambio de reserva solo se puede solicitar una vez. El precio de la estancia puede variar seg\u00fan la temporada. En caso de salida anticipada, no se reembolsar\u00e1 el importe ya abonado y se cargar\u00e1 el importe total de la estancia. Las reservas realizadas el mismo d\u00eda del check-in no son reembolsables.<\/li>\n<\/ul>\n<\/div><\/div><\/div><\/div><\/div><div class=\"w-tabs-section\" id=\"necb\"><button class=\"w-tabs-section-header\" aria-controls=\"content-necb\" aria-expanded=\"false\"><div class=\"w-tabs-section-title\">Pol\u00edtica de invitados adicionales<\/div><div class=\"w-tabs-section-control\"><\/div><\/button><div  class=\"w-tabs-section-content\" id=\"content-necb\"><div class=\"w-tabs-section-content-h i-cf\"><div class=\"wpb_text_column\"><div class=\"wpb_wrapper\"><ul>\n<li>Para garantizar el n\u00famero de camas seg\u00fan la reserva realizada, la posada no se hace responsable de inconvenientes causados \u200b\u200bpor falta de informaci\u00f3n y\/u omisi\u00f3n de datos. Si el hu\u00e9sped llega con m\u00e1s personas de las indicadas en la reserva, se cobrar\u00e1 una tarifa de R$ 100 a R$ 150 por noche, dependiendo de la fecha de la reserva, si hay disponibilidad en la misma habitaci\u00f3n. Si la posada no est\u00e1 disponible, cualquier inconveniente ser\u00e1 responsabilidad del cliente.<\/li>\n<\/ul>\n<\/div><\/div><\/div><\/div><\/div><div class=\"w-tabs-section\" id=\"if97\"><button class=\"w-tabs-section-header\" aria-controls=\"content-if97\" aria-expanded=\"false\"><div class=\"w-tabs-section-title\">Pol\u00edtica de no presentaci\u00f3n<\/div><div class=\"w-tabs-section-control\"><\/div><\/button><div  class=\"w-tabs-section-content\" id=\"content-if97\"><div class=\"w-tabs-section-content-h i-cf\"><div class=\"wpb_text_column\"><div class=\"wpb_wrapper\"><ul>\n<li>El apartamento estar\u00e1 disponible a partir de las 14 horas. Si el hu\u00e9sped no se presenta o no contacta con nosotros hasta la ma\u00f1ana del d\u00eda siguiente, consideraremos la reserva cancelada y se le cobrar\u00e1 al hu\u00e9sped el 100% del valor de la reserva.<\/li>\n<\/ul>\n<\/div><\/div><\/div><\/div><\/div><\/div><\/div><\/div><\/div><\/div><\/div><\/section><section class=\"l-section wpb_row height_huge color_primary with_img parallax_ver\"><div class=\"l-section-img\" role=\"img\" data-img-width=\"1024\" data-img-height=\"768\" style=\"background-image: url(https:\/\/boasvindaskite.amplomarketing.com.br\/wp-content\/uploads\/2024\/05\/560255410.jpg);background-position: top center;background-repeat: no-repeat;\"><\/div><div class=\"l-section-overlay\" style=\"background:rgba(0,0,0,0.35)\"><\/div><div class=\"l-section-h i-cf\"><div class=\"g-cols vc_row via_grid cols_1 laptops-cols_inherit tablets-cols_inherit mobiles-cols_1 valign_top type_default stacking_default\"><div class=\"wpb_column vc_column_container\"><div class=\"vc_column-inner\"><div class=\"wpb_text_column\"><div class=\"wpb_wrapper\"><h3 style=\"text-align: center;\"><strong>Descubre nuestro apartamento con capacidad para 4 personas. Residencia Cumbuco<\/strong><\/h3>\n<\/div><\/div><div class=\"w-separator size_small\"><\/div><div class=\"w-btn-wrapper align_center\"><a class=\"w-btn us-btn-style_1\" target=\"_blank\" href=\"https:\/\/www.booking.com\/hotel\/br\/kitecabana-apartamento.pt-br.html?aid=304142&amp;label=Share-Ygea69@1716840594\"><span class=\"w-btn-label\">Sepa mas<\/span><\/a><\/div><\/div><\/div><\/div><\/div><\/section>","protected":false},"excerpt":{"rendered":"Estamos muito felizes em receber voc\u00ea na nossa pousada. Esperamos que tenha uma estadia inesquec\u00edvel e aproveite tudo o que a Praia de Cumbuco tem a oferecer. Nesta p\u00e1gina, voc\u00ea encontrar\u00e1 todas as informa\u00e7\u00f5es \u00fateis para tornar sua visita confort\u00e1vel e agrad\u00e1vel. Senha Wi-fiToque em &#8221;Copiar&#8221; para copiar facilmente a senha do Wi-fi! Avalus2022 Hor\u00e1rios...","protected":false},"author":1,"featured_media":0,"parent":0,"menu_order":0,"comment_status":"closed","ping_status":"closed","template":"","meta":{"footnotes":""},"_links":{"self":[{"href":"https:\/\/boasvindaskite.amplomarketing.com.br\/es\/wp-json\/wp\/v2\/pages\/8"}],"collection":[{"href":"https:\/\/boasvindaskite.amplomarketing.com.br\/es\/wp-json\/wp\/v2\/pages"}],"about":[{"href":"https:\/\/boasvindaskite.amplomarketing.com.br\/es\/wp-json\/wp\/v2\/types\/page"}],"author":[{"embeddable":true,"href":"https:\/\/boasvindaskite.amplomarketing.com.br\/es\/wp-json\/wp\/v2\/users\/1"}],"replies":[{"embeddable":true,"href":"https:\/\/boasvindaskite.amplomarketing.com.br\/es\/wp-json\/wp\/v2\/comments?post=8"}],"version-history":[{"count":44,"href":"https:\/\/boasvindaskite.amplomarketing.com.br\/es\/wp-json\/wp\/v2\/pages\/8\/revisions"}],"predecessor-version":[{"id":99,"href":"https:\/\/boasvindaskite.amplomarketing.com.br\/es\/wp-json\/wp\/v2\/pages\/8\/revisions\/99"}],"wp:attachment":[{"href":"https:\/\/boasvindaskite.amplomarketing.com.br\/es\/wp-json\/wp\/v2\/media?parent=8"}],"curies":[{"name":"wp","href":"https:\/\/api.w.org\/{rel}","templated":true}]}}