{"id":8,"date":"2024-05-28T07:43:15","date_gmt":"2024-05-28T10:43:15","guid":{"rendered":"https:\/\/boasvindaskite.amplomarketing.com.br\/?page_id=8"},"modified":"2024-10-21T11:57:37","modified_gmt":"2024-10-21T14:57:37","slug":"inicio","status":"publish","type":"page","link":"https:\/\/boasvindaskite.amplomarketing.com.br\/en\/","title":{"rendered":"In\u00edcio"},"content":{"rendered":"<section class=\"l-section wpb_row us_custom_360e94cd height_huge with_shape\"><div class=\"l-section-shape type_curve-inv pos_bottom\" style=\"height:5vmin;\"><svg xmlns=\"http:\/\/www.w3.org\/2000\/svg\" viewbox=\"0 8 64 8\" preserveaspectratio=\"none\" width=\"100%\" height=\"100%\">\r\n\t<path fill=\"currentColor\" d=\"M64 15.9 Q32 0.4 0 15.9 L0 18 L64 18 Z\"\/>\r\n<\/svg><\/div><div class=\"l-section-h i-cf\"><div class=\"g-cols vc_row via_grid cols_1 laptops-cols_inherit tablets-cols_inherit mobiles-cols_1 valign_top type_default stacking_default\"><div class=\"wpb_column vc_column_container\"><div class=\"vc_column-inner\"><\/div><\/div><\/div><\/div><\/section><section class=\"l-section wpb_row height_small\"><div class=\"l-section-h i-cf\"><div class=\"g-cols vc_row via_grid cols_1 laptops-cols_inherit tablets-cols_inherit mobiles-cols_1 valign_top type_default stacking_default\"><div class=\"wpb_column vc_column_container\"><div class=\"vc_column-inner\"><div class=\"w-image align_center\"><div class=\"w-image-h\"><img decoding=\"async\" width=\"128\" height=\"128\" src=\"https:\/\/boasvindaskite.amplomarketing.com.br\/wp-content\/uploads\/2024\/05\/logo-kitecabana-site.png\" class=\"attachment-large size-large\" alt=\"\" loading=\"lazy\" \/><\/div><\/div><div data-us-scroll=\"{&quot;from_initial_position&quot;:&quot;0&quot;,&quot;start_position&quot;:&quot;0%&quot;,&quot;end_position&quot;:&quot;100%&quot;,&quot;delay&quot;:&quot;0.1s&quot;}\" class=\"w-image us_custom_4a593b65 us_animate_this has_scroll_effects align_center\"><div class=\"w-image-h\"><img decoding=\"async\" width=\"300\" height=\"177\" src=\"https:\/\/boasvindaskite.amplomarketing.com.br\/wp-content\/uploads\/2024\/05\/aloha-kite.png\" class=\"attachment-full size-full\" alt=\"\" loading=\"lazy\" \/><\/div><\/div><div class=\"wpb_text_column\"><div class=\"wpb_wrapper\"><p style=\"text-align: center;\"><strong>We are very happy to welcome you to our guesthouse. We hope you have an unforgettable stay and enjoy everything Cumbuco Beach has to offer. On this page, you will find all the useful information to make your visit comfortable and enjoyable.<\/strong><\/p>\n<\/div><\/div><\/div><\/div><\/div><\/div><\/section><section class=\"l-section wpb_row height_small\"><div class=\"l-section-h i-cf\"><div class=\"g-cols vc_row via_grid cols_2 laptops-cols_inherit tablets-cols_inherit mobiles-cols_1 valign_middle type_default stacking_default\" style=\"--gap:2rem;\"><div class=\"wpb_column vc_column_container\"><div class=\"vc_column-inner\"><div class=\"w-iconbox iconpos_left style_default color_primary align_left no_text\"><div class=\"w-iconbox-icon\" style=\"font-size:3rem;\"><i class=\"fas fa-wifi\"><\/i><\/div><div class=\"w-iconbox-meta\"><h5 class=\"w-iconbox-title\">WiFi password<\/h5><\/div><\/div><div class=\"wpb_text_column\"><div class=\"wpb_wrapper\"><p>Tap \u201dCopy\u201d to easily copy Wi-fi password!<\/p>\n<\/div><\/div><\/div><\/div><div class=\"wpb_column vc_column_container\"><div class=\"vc_column-inner\"><div class=\"wpb_text_column\"><div class=\"wpb_wrapper\"><pre>Avalus2022<\/pre>\n<\/div><\/div><\/div><\/div><\/div><\/div><\/section><section class=\"l-section wpb_row height_small\"><div class=\"l-section-h i-cf\"><div class=\"g-cols vc_row via_grid cols_1 laptops-cols_inherit tablets-cols_inherit mobiles-cols_1 valign_middle type_default stacking_default\"><div class=\"wpb_column vc_column_container\"><div class=\"vc_column-inner\"><div class=\"wpb_text_column\"><div class=\"wpb_wrapper\"><h4 style=\"text-align: center;\"><strong>Stay at Kitecabana<\/strong><\/h4>\n<\/div><\/div><div class=\"w-separator size_medium\"><\/div><div class=\"g-cols wpb_row via_grid cols_2 laptops-cols_inherit tablets-cols_inherit mobiles-cols_1 valign_top type_default stacking_default\" style=\"--gap:3rem;\"><div class=\"wpb_column vc_column_container\"><div class=\"vc_column-inner\"><div class=\"wpb_text_column\"><div class=\"wpb_wrapper\"><h3 style=\"text-align: center;\"><strong>Check-in:<\/strong> 14h &#8211;<strong> Check-out:<\/strong> 12h<\/h3>\n<\/div><\/div><\/div><\/div><div class=\"wpb_column vc_column_container\"><div class=\"vc_column-inner\"><div class=\"wpb_text_column\"><div class=\"wpb_wrapper\"><h3 class=\"p1\" style=\"text-align: center;\"><strong>Breakfast:<\/strong> 8h \u00e0s 10h<\/h3>\n<\/div><\/div><\/div><\/div><\/div><\/div><\/div><\/div><\/div><\/section><section class=\"l-section wpb_row height_small\"><div class=\"l-section-h i-cf\"><div class=\"g-cols vc_row via_grid cols_2 laptops-cols_inherit tablets-cols_inherit mobiles-cols_1 valign_middle type_default stacking_default\"><div class=\"wpb_column vc_column_container\"><div class=\"vc_column-inner\"><div class=\"w-btn-wrapper align_justify\"><a class=\"w-btn us-btn-style_1 icon_atleft\" target=\"_blank\" href=\"https:\/\/api.whatsapp.com\/send?phone=5585988181966&amp;text= Ol\u00e1!\"><i class=\"fab fa-whatsapp\"><\/i><span class=\"w-btn-label\">Customer Service<\/span><\/a><\/div><\/div><\/div><div class=\"wpb_column vc_column_container\"><div class=\"vc_column-inner\"><div class=\"w-btn-wrapper align_justify\"><a class=\"w-btn us-btn-style_1 icon_atleft\" target=\"_blank\" href=\"https:\/\/maps.app.goo.gl\/e6tKbrvQwYQD29zC8\"><i class=\"fas fa-map-marked-alt\"><\/i><span class=\"w-btn-label\">Location<\/span><\/a><\/div><\/div><\/div><\/div><\/div><\/section><section class=\"l-section wpb_row us_custom_eac59c77 height_medium\" id=\"trasnfer\"><div class=\"l-section-h i-cf\"><div class=\"g-cols vc_row via_grid cols_1 laptops-cols_inherit tablets-cols_inherit mobiles-cols_1 valign_top type_default stacking_default\"><div class=\"wpb_column vc_column_container\"><div class=\"vc_column-inner\"><div class=\"wpb_text_column\"><div class=\"wpb_wrapper\"><h4 style=\"text-align: center;\"><strong>Transfer and Tours Service<br \/>\n<\/strong><\/h4>\n<\/div><\/div><div class=\"w-separator size_small\"><\/div><div class=\"wpb_text_column\"><div class=\"wpb_wrapper\"><p style=\"text-align: center;\">If you need a transfer from the airport to the guesthouse, we have vans for groups and normal cars, both with space for kitesurfing equipment. We also organize buggy and quad bike tours. To schedule any of these services, simply contact the reception number.<\/p>\n<\/div><\/div><div class=\"w-separator size_small\"><\/div><div class=\"w-btn-wrapper align_center\"><a class=\"w-btn us-btn-style_1 icon_atleft\" href=\"tel:85988181966\"><i class=\"fas fa-phone-alt\"><\/i><span class=\"w-btn-label\">Contact<\/span><\/a><\/div><\/div><\/div><\/div><\/div><\/section><section class=\"l-section wpb_row height_small\"><div class=\"l-section-h i-cf\"><div class=\"g-cols vc_row via_grid cols_1 laptops-cols_inherit tablets-cols_inherit mobiles-cols_1 valign_top type_default stacking_default\"><div class=\"wpb_column vc_column_container\"><div class=\"vc_column-inner\"><div class=\"wpb_text_column\"><div class=\"wpb_wrapper\"><h4 style=\"text-align: center;\"><strong>Essential Information for Your Stay<\/strong><\/h4>\n<\/div><\/div><\/div><\/div><\/div><\/div><\/section><section class=\"l-section wpb_row height_small\"><div class=\"l-section-h i-cf\"><div class=\"g-cols vc_row via_grid cols_3 laptops-cols_inherit tablets-cols_inherit mobiles-cols_1 valign_top type_default stacking_default\"><div class=\"wpb_column vc_column_container\"><div class=\"vc_column-inner\"><div class=\"w-image align_center\"><div class=\"w-image-h\"><img decoding=\"async\" width=\"128\" height=\"128\" src=\"https:\/\/boasvindaskite.amplomarketing.com.br\/wp-content\/uploads\/2024\/05\/kc-pet-2.png\" class=\"attachment-full size-full\" alt=\"\" loading=\"lazy\" \/><\/div><\/div><div class=\"wpb_text_column\"><div class=\"wpb_wrapper\"><p style=\"text-align: center;\"><strong>Pet Friendly<\/strong><\/p>\n<\/div><\/div><div class=\"w-separator size_custom with_line width_30 thick_1 style_solid color_border align_center\" style=\"height:2rem\"><div class=\"w-separator-h\"><\/div><\/div><div class=\"wpb_text_column\"><div class=\"wpb_wrapper\"><p style=\"text-align: center;\">We love pets! Bring your best friend to enjoy our guesthouse.<\/p>\n<\/div><\/div><\/div><\/div><div class=\"wpb_column vc_column_container\"><div class=\"vc_column-inner\"><div class=\"w-image align_center\"><div class=\"w-image-h\"><img decoding=\"async\" width=\"128\" height=\"128\" src=\"https:\/\/boasvindaskite.amplomarketing.com.br\/wp-content\/uploads\/2024\/05\/kc-estacionamento.png\" class=\"attachment-full size-full\" alt=\"\" loading=\"lazy\" \/><\/div><\/div><div class=\"wpb_text_column\"><div class=\"wpb_wrapper\"><p style=\"text-align: center;\"><strong>Parking<\/strong><\/p>\n<\/div><\/div><div class=\"w-separator size_custom with_line width_30 thick_1 style_solid color_border align_center\" style=\"height:2rem\"><div class=\"w-separator-h\"><\/div><\/div><div class=\"wpb_text_column\"><div class=\"wpb_wrapper\"><p style=\"text-align: center;\">We don't have parking spaces, but there is space to park on the street.<\/p>\n<\/div><\/div><\/div><\/div><div class=\"wpb_column vc_column_container\"><div class=\"vc_column-inner\"><div class=\"w-image align_center\"><div class=\"w-image-h\"><img decoding=\"async\" width=\"128\" height=\"128\" src=\"https:\/\/boasvindaskite.amplomarketing.com.br\/wp-content\/uploads\/2024\/05\/kc-praia.png\" class=\"attachment-full size-full\" alt=\"\" loading=\"lazy\" \/><\/div><\/div><div class=\"wpb_text_column\"><div class=\"wpb_wrapper\"><p style=\"text-align: center;\"><strong>Beach<\/strong><\/p>\n<\/div><\/div><div class=\"w-separator size_custom with_line width_30 thick_1 style_solid color_border align_center\" style=\"height:2rem\"><div class=\"w-separator-h\"><\/div><\/div><div class=\"wpb_text_column\"><div class=\"wpb_wrapper\"><p style=\"text-align: center;\">We are just 30 meters from the beach and next to the lively Kitecabana Lounge.<\/p>\n<\/div><\/div><\/div><\/div><\/div><\/div><\/section><section class=\"l-section wpb_row height_small\"><div class=\"l-section-h i-cf\"><div class=\"g-cols vc_row via_grid cols_2 laptops-cols_inherit tablets-cols_inherit mobiles-cols_1 valign_top type_default stacking_default\"><div class=\"wpb_column vc_column_container\"><div class=\"vc_column-inner\"><div class=\"w-image align_center\"><div class=\"w-image-h\"><img decoding=\"async\" width=\"128\" height=\"128\" src=\"https:\/\/boasvindaskite.amplomarketing.com.br\/wp-content\/uploads\/2024\/05\/kc-descontos.png\" class=\"attachment-full size-full\" alt=\"\" loading=\"lazy\" \/><\/div><\/div><div class=\"wpb_text_column\"><div class=\"wpb_wrapper\"><p style=\"text-align: center;\"><strong>Special Discounts<\/strong><\/p>\n<\/div><\/div><div class=\"w-separator size_custom with_line width_30 thick_1 style_solid color_border align_center\" style=\"height:2rem\"><div class=\"w-separator-h\"><\/div><\/div><div class=\"wpb_text_column\"><div class=\"wpb_wrapper\"><p style=\"text-align: center;\">Staying with us, you will get a 10% discount and access to the pool at Kitecabana Lounge.<\/p>\n<\/div><\/div><\/div><\/div><div class=\"wpb_column vc_column_container\"><div class=\"vc_column-inner\"><div class=\"w-image align_center\"><div class=\"w-image-h\"><img decoding=\"async\" width=\"128\" height=\"128\" src=\"https:\/\/boasvindaskite.amplomarketing.com.br\/wp-content\/uploads\/2024\/05\/kc-centro.png\" class=\"attachment-full size-full\" alt=\"\" loading=\"lazy\" \/><\/div><\/div><div class=\"wpb_text_column\"><div class=\"wpb_wrapper\"><p style=\"text-align: center;\"><strong>Close to the Town Center<\/strong><\/p>\n<\/div><\/div><div class=\"w-separator size_custom with_line width_30 thick_1 style_solid color_border align_center\" style=\"height:2rem\"><div class=\"w-separator-h\"><\/div><\/div><div class=\"wpb_text_column\"><div class=\"wpb_wrapper\"><p style=\"text-align: center;\">The Cumbuco town center is 400 meters from our guesthouse, where you will find various restaurants, pharmacies, and entertainment options.<\/p>\n<\/div><\/div><\/div><\/div><\/div><\/div><\/section><section class=\"l-section wpb_row us_custom_8b3d6790 has_text_color height_medium with_img parallax_ver\"><div class=\"l-section-img\" role=\"img\" data-img-width=\"1200\" data-img-height=\"1600\" style=\"background-image: url(https:\/\/boasvindaskite.amplomarketing.com.br\/wp-content\/uploads\/2024\/06\/bg-kitesurf.jpeg);background-position: top center;background-repeat: no-repeat;\"><\/div><div class=\"l-section-overlay\" style=\"background:rgba(0,0,0,0.60)\"><\/div><div class=\"l-section-h i-cf\"><div class=\"g-cols vc_row via_grid cols_1 laptops-cols_inherit tablets-cols_inherit mobiles-cols_1 valign_top type_default stacking_default\"><div class=\"wpb_column vc_column_container\"><div class=\"vc_column-inner\"><div class=\"wpb_text_column\"><div class=\"wpb_wrapper\"><h4 style=\"text-align: center;\"><strong>Discount on Kitesurfing Lessons<\/strong><\/h4>\n<\/div><\/div><div class=\"w-separator size_small\"><\/div><div class=\"wpb_text_column\"><div class=\"wpb_wrapper\"><p style=\"text-align: center;\">When staying with us, you are also entitled to a 10% discount on kitesurfing classes at Kitecabana School. Take this opportunity to learn or improve your kitesurfing skills with our experienced instructors.<\/p>\n<\/div><\/div><\/div><\/div><\/div><\/div><\/section><section class=\"l-section wpb_row height_small\"><div class=\"l-section-h i-cf\"><div class=\"g-cols vc_row via_grid cols_1 laptops-cols_inherit tablets-cols_inherit mobiles-cols_1 valign_top type_default stacking_default\"><div class=\"wpb_column vc_column_container\"><div class=\"vc_column-inner\"><div class=\"wpb_text_column\"><div class=\"wpb_wrapper\"><h4 style=\"text-align: center;\"><strong>Other Useful Information<\/strong><\/h4>\n<\/div><\/div><\/div><\/div><\/div><\/div><\/section><section class=\"l-section wpb_row height_small\"><div class=\"l-section-h i-cf\"><div class=\"g-cols vc_row via_grid cols_3 laptops-cols_inherit tablets-cols_inherit mobiles-cols_1 valign_top type_default stacking_default\"><div class=\"wpb_column vc_column_container\"><div class=\"vc_column-inner\"><div class=\"w-vwrapper us_custom_9455a378 align_center valign_top\" style=\"--vwrapper-gap:0.3rem\"><div class=\"wpb_text_column us_custom_a574d586 has_text_color\"><div class=\"wpb_wrapper\"><p style=\"text-align: center;\"><strong>Lounge and Beach Shack<\/strong>:<\/p>\n<\/div><\/div><div class=\"wpb_text_column\"><div class=\"wpb_wrapper\"><p style=\"text-align: center;\">The guesthouse has an attached lounge that functions as a beach bar, located on the same street but in separate environments with different management. The lounge offers a wide variety of food options and a kitesurfing school with courses, equipment rental, and sales.<\/p>\n<\/div><\/div><\/div><\/div><\/div><div class=\"wpb_column vc_column_container\"><div class=\"vc_column-inner\"><div class=\"w-vwrapper us_custom_9455a378 align_center valign_top\" style=\"--vwrapper-gap:0.3rem\"><div class=\"wpb_text_column us_custom_a574d586 has_text_color\"><div class=\"wpb_wrapper\"><p style=\"text-align: center;\"><strong>Banks<\/strong><\/p>\n<\/div><\/div><div class=\"wpb_text_column\"><div class=\"wpb_wrapper\"><p style=\"text-align: center;\">In Cumbuco, there are no bank branches, but there are ATMs at the gas station (a 10-minute walk) and at Mercadinho Compre Bem (a 5-minute walk). There is also a lottery house in the same market.<\/p>\n<\/div><\/div><\/div><\/div><\/div><div class=\"wpb_column vc_column_container\"><div class=\"vc_column-inner\"><div class=\"w-vwrapper us_custom_9455a378 align_center valign_top\" style=\"--vwrapper-gap:0.3rem\"><div class=\"wpb_text_column us_custom_a574d586 has_text_color\"><div class=\"wpb_wrapper\"><p style=\"text-align: center;\"><strong>Payments<\/strong><\/p>\n<\/div><\/div><div class=\"wpb_text_column\"><div class=\"wpb_wrapper\"><p style=\"text-align: center;\">Stores, restaurants, bars, markets, and tour agencies accept credit and debit cards. For some small purchases, it is necessary to have cash, such as for beach vendors selling food and handicrafts.<\/p>\n<\/div><\/div><\/div><\/div><\/div><\/div><\/div><\/section><section class=\"l-section wpb_row height_medium\"><div class=\"l-section-h i-cf\"><div class=\"g-cols vc_row via_grid cols_3 laptops-cols_inherit tablets-cols_inherit mobiles-cols_1 valign_top type_default stacking_default\"><div class=\"wpb_column vc_column_container\"><div class=\"vc_column-inner\"><div class=\"w-vwrapper us_custom_9455a378 align_center valign_top\" style=\"--vwrapper-gap:0.3rem\"><div class=\"wpb_text_column us_custom_a574d586 has_text_color\"><div class=\"wpb_wrapper\"><p style=\"text-align: center;\"><strong>Health<\/strong><\/p>\n<\/div><\/div><div class=\"wpb_text_column\"><div class=\"wpb_wrapper\"><p style=\"text-align: center;\">Near the guesthouse, there is a health center (Tabuba), pharmacies, and a medical clinic.<\/p>\n<\/div><\/div><\/div><\/div><\/div><div class=\"wpb_column vc_column_container\"><div class=\"vc_column-inner\"><div class=\"w-vwrapper us_custom_9455a378 align_center valign_top\" style=\"--vwrapper-gap:0.3rem\"><div class=\"wpb_text_column us_custom_a574d586 has_text_color\"><div class=\"wpb_wrapper\"><p style=\"text-align: center;\"><strong>Voltage<\/strong><\/p>\n<\/div><\/div><div class=\"wpb_text_column\"><div class=\"wpb_wrapper\"><p style=\"text-align: center;\">The voltage in Cumbuco is 220V.<\/p>\n<\/div><\/div><\/div><\/div><\/div><div class=\"wpb_column vc_column_container\"><div class=\"vc_column-inner\"><div class=\"w-vwrapper us_custom_9455a378 align_center valign_top\" style=\"--vwrapper-gap:0.3rem\"><div class=\"wpb_text_column us_custom_a574d586 has_text_color\"><div class=\"wpb_wrapper\"><p style=\"text-align: center;\"><strong>Power Outlets<\/strong><\/p>\n<\/div><\/div><div class=\"wpb_text_column\"><div class=\"wpb_wrapper\"><p style=\"text-align: center;\">Type N outlets, compatible with Type C plugs.<\/p>\n<\/div><\/div><\/div><\/div><\/div><\/div><\/div><\/section><section class=\"l-section wpb_row height_small\"><div class=\"l-section-h i-cf\"><div class=\"g-cols vc_row via_grid cols_1 laptops-cols_inherit tablets-cols_inherit mobiles-cols_1 valign_top type_default stacking_default\"><div class=\"wpb_column vc_column_container\"><div class=\"vc_column-inner\"><div class=\"wpb_text_column\"><div class=\"wpb_wrapper\"><h3 style=\"text-align: center;\"><strong>Kitecabana Guesthouse Policies<\/strong><\/h3>\n<\/div><\/div><div class=\"w-separator size_small\"><\/div><div class=\"w-tabs style_default switch_click accordion has_scrolling\" style=\"--sections-title-size:inherit\"><div class=\"w-tabs-sections titles-align_none icon_chevron cpos_right\"><div class=\"w-tabs-section\" id=\"beed\"><button class=\"w-tabs-section-header\" aria-controls=\"content-beed\" aria-expanded=\"false\"><div class=\"w-tabs-section-title\">Establishment Use Policy<\/div><div class=\"w-tabs-section-control\"><\/div><\/button><div  class=\"w-tabs-section-content\" id=\"content-beed\"><div class=\"w-tabs-section-content-h i-cf\"><div class=\"wpb_text_column\"><div class=\"wpb_wrapper\"><ul>\n<li>Loud Music: Out of respect for everyone, playing loud music or making any loud noise is not allowed. The use of speakers is not permitted.<\/li>\n<\/ul>\n<\/div><\/div><\/div><\/div><\/div><div class=\"w-tabs-section\" id=\"o0b9\"><button class=\"w-tabs-section-header\" aria-controls=\"content-o0b9\" aria-expanded=\"false\"><div class=\"w-tabs-section-title\">Room Cancellation and Reservation Change Policy<\/div><div class=\"w-tabs-section-control\"><\/div><\/button><div  class=\"w-tabs-section-content\" id=\"content-o0b9\"><div class=\"w-tabs-section-content-h i-cf\"><div class=\"wpb_text_column\"><div class=\"wpb_wrapper\"><ul>\n<li>Cancellation and date change requests must be sent via WhatsApp (85) 98818-1966 or email (kitecabana@hotmail.com).<\/li>\n<li>For cancellations made 30 days in advance, we will refund the full deposit. For cancellations made 15 days in advance, we will refund half of the amount paid. Cancellations made less than 15 days in advance or in case of no-show will not be refunded.<\/li>\n<li>Change requests are subject to availability and must be made at least 7 days in advance. Once a change or rescheduling is requested, there will be no refund of the amount already paid. Rebooking can only be requested once. The price of the stay may change depending on the season. In case of early departure, the amount already paid will not be refunded and the full amount of the stay will be charged. Reservations made on the same day as check-in are non-refundable.<\/li>\n<\/ul>\n<\/div><\/div><\/div><\/div><\/div><div class=\"w-tabs-section\" id=\"i201\"><button class=\"w-tabs-section-header\" aria-controls=\"content-i201\" aria-expanded=\"false\"><div class=\"w-tabs-section-title\">Additional Guests Policy<\/div><div class=\"w-tabs-section-control\"><\/div><\/button><div  class=\"w-tabs-section-content\" id=\"content-i201\"><div class=\"w-tabs-section-content-h i-cf\"><div class=\"wpb_text_column\"><div class=\"wpb_wrapper\"><ul>\n<li>To ensure the correct number of beds according to the reservation made, the guesthouse is not responsible for inconveniences caused by lack of information and\/or omission of data. If the guest arrives with more people than indicated in the reservation, a fee of R$ 100 to R$ 150 per day will be charged, depending on the reservation date, if there is availability in the same room. If the guesthouse does not have availability, any inconvenience will be the responsibility of the guest.<\/li>\n<\/ul>\n<\/div><\/div><\/div><\/div><\/div><div class=\"w-tabs-section\" id=\"w326\"><button class=\"w-tabs-section-header\" aria-controls=\"content-w326\" aria-expanded=\"false\"><div class=\"w-tabs-section-title\">No Show Policy<\/div><div class=\"w-tabs-section-control\"><\/div><\/button><div  class=\"w-tabs-section-content\" id=\"content-w326\"><div class=\"w-tabs-section-content-h i-cf\"><div class=\"wpb_text_column\"><div class=\"wpb_wrapper\"><ul>\n<li>The apartment will be available from 2:00 PM. If the guest does not arrive or contact us by the following morning, the reservation will be considered canceled, and the guest will be charged 100% of the reservation value.<\/li>\n<\/ul>\n<\/div><\/div><\/div><\/div><\/div><\/div><\/div><\/div><\/div><\/div><\/div><\/section><section class=\"l-section wpb_row height_huge color_primary with_img parallax_ver\"><div class=\"l-section-img\" role=\"img\" data-img-width=\"1024\" data-img-height=\"768\" style=\"background-image: url(https:\/\/boasvindaskite.amplomarketing.com.br\/wp-content\/uploads\/2024\/05\/560255410.jpg);background-position: top center;background-repeat: no-repeat;\"><\/div><div class=\"l-section-overlay\" style=\"background:rgba(0,0,0,0.35)\"><\/div><div class=\"l-section-h i-cf\"><div class=\"g-cols vc_row via_grid cols_1 laptops-cols_inherit tablets-cols_inherit mobiles-cols_1 valign_top type_default stacking_default\"><div class=\"wpb_column vc_column_container\"><div class=\"vc_column-inner\"><div class=\"wpb_text_column\"><div class=\"wpb_wrapper\"><h3 style=\"text-align: center;\"><strong>Get to know our apartment for up to 4 people. Cumbuco Residence.<\/strong><\/h3>\n<\/div><\/div><div class=\"w-separator size_small\"><\/div><div class=\"w-btn-wrapper align_center\"><a class=\"w-btn us-btn-style_1\" target=\"_blank\" href=\"https:\/\/www.booking.com\/hotel\/br\/kitecabana-apartamento.pt-br.html?aid=304142&amp;label=Share-Ygea69@1716840594\"><span class=\"w-btn-label\">Learn More<\/span><\/a><\/div><\/div><\/div><\/div><\/div><\/section>","protected":false},"excerpt":{"rendered":"Estamos muito felizes em receber voc\u00ea na nossa pousada. Esperamos que tenha uma estadia inesquec\u00edvel e aproveite tudo o que a Praia de Cumbuco tem a oferecer. Nesta p\u00e1gina, voc\u00ea encontrar\u00e1 todas as informa\u00e7\u00f5es \u00fateis para tornar sua visita confort\u00e1vel e agrad\u00e1vel. Senha Wi-fiToque em &#8221;Copiar&#8221; para copiar facilmente a senha do Wi-fi! Avalus2022 Hor\u00e1rios...","protected":false},"author":1,"featured_media":0,"parent":0,"menu_order":0,"comment_status":"closed","ping_status":"closed","template":"","meta":{"footnotes":""},"_links":{"self":[{"href":"https:\/\/boasvindaskite.amplomarketing.com.br\/en\/wp-json\/wp\/v2\/pages\/8"}],"collection":[{"href":"https:\/\/boasvindaskite.amplomarketing.com.br\/en\/wp-json\/wp\/v2\/pages"}],"about":[{"href":"https:\/\/boasvindaskite.amplomarketing.com.br\/en\/wp-json\/wp\/v2\/types\/page"}],"author":[{"embeddable":true,"href":"https:\/\/boasvindaskite.amplomarketing.com.br\/en\/wp-json\/wp\/v2\/users\/1"}],"replies":[{"embeddable":true,"href":"https:\/\/boasvindaskite.amplomarketing.com.br\/en\/wp-json\/wp\/v2\/comments?post=8"}],"version-history":[{"count":44,"href":"https:\/\/boasvindaskite.amplomarketing.com.br\/en\/wp-json\/wp\/v2\/pages\/8\/revisions"}],"predecessor-version":[{"id":99,"href":"https:\/\/boasvindaskite.amplomarketing.com.br\/en\/wp-json\/wp\/v2\/pages\/8\/revisions\/99"}],"wp:attachment":[{"href":"https:\/\/boasvindaskite.amplomarketing.com.br\/en\/wp-json\/wp\/v2\/media?parent=8"}],"curies":[{"name":"wp","href":"https:\/\/api.w.org\/{rel}","templated":true}]}}